{"id":2,"date":"2023-03-08T10:00:39","date_gmt":"2023-03-08T10:00:39","guid":{"rendered":"http:\/\/duongvatgia.com\/?page_id=2"},"modified":"2023-03-10T00:38:07","modified_gmt":"2023-03-10T00:38:07","slug":"duong-vat-gia","status":"publish","type":"page","link":"https:\/\/www.duongvatgia.com\/","title":{"rendered":"D\u01b0\u01a1ng v\u1eadt gi\u1ea3"},"content":{"rendered":"\n<p><strong>D\u01b0\u01a1ng v\u1eadt gi\u1ea3 <\/strong>l\u00e0 m\u1ed9t s\u1ea3n ph\u1ea9m sextoy \u0111\u01b0\u1ee3c thi\u1ebft k\u1ebf gi\u1ed1ng nh\u01b0 d\u01b0\u01a1ng v\u1eadt nam gi\u1edbi. Ch\u00fang c\u00f3 th\u1ec3 \u0111\u01b0\u1ee3c l\u00e0m b\u1eb1ng c\u00e1c v\u1eadt li\u1ec7u kh\u00e1c nhau nh\u01b0 silicone, cao su, nh\u1ef1a, th\u1ee7y tinh, kim lo\u1ea1i ho\u1eb7c g\u1ed7. D\u01b0\u01a1ng v\u1eadt gi\u1ea3 th\u01b0\u1eddng \u0111\u01b0\u1ee3c s\u1eed d\u1ee5ng \u0111\u1ec3 t\u0103ng c\u01b0\u1eddng kho\u00e1i c\u1ea3m trong ho\u1ea1t \u0111\u1ed9ng t\u00ecnh d\u1ee5c cho n\u1eef gi\u1edbi ho\u1eb7c cho c\u1ea3 nam gi\u1edbi v\u00e0 \u0111\u01b0\u1ee3c b\u00e1n r\u1ed9ng r\u00e3i tr\u00ean th\u1ecb tr\u01b0\u1eddng sextoy. Tuy nhi\u00ean, vi\u1ec7c s\u1eed d\u1ee5ng d\u01b0\u01a1ng v\u1eadt gi\u1ea3 c\u1ea7n \u0111\u01b0\u1ee3c th\u1ef1c hi\u1ec7n \u0111\u00fang c\u00e1ch v\u00e0 s\u1ea1ch s\u1ebd \u0111\u1ec3 tr\u00e1nh c\u00e1c v\u1ea5n \u0111\u1ec1 v\u1ec1 s\u1ee9c kh\u1ecfe v\u00e0 v\u1ec7 sinh.<\/p>\n\n\n\n<p>C\u00f3 nhi\u1ec1u l\u00fd do t\u1ea1i sao nhi\u1ec1u ng\u01b0\u1eddi th\u00edch mua d\u01b0\u01a1ng v\u1eadt gi\u1ea3, m\u1ed9t s\u1ed1 trong s\u1ed1 \u0111\u00f3 bao g\u1ed3m:<\/p>\n\n\n\n<ol class=\"wp-block-list\">\n<li>T\u1ef1 k\u00edch th\u00edch: Nhi\u1ec1u ng\u01b0\u1eddi th\u00edch s\u1eed d\u1ee5ng d\u01b0\u01a1ng v\u1eadt gi\u1ea3 \u0111\u1ec3 t\u1ef1 k\u00edch th\u00edch v\u00e0 \u0111\u1ea1t \u0111\u01b0\u1ee3c c\u1ea3m gi\u00e1c th\u0103ng hoa t\u00ecnh d\u1ee5c.<\/li>\n\n\n\n<li>Kh\u00e1m ph\u00e1 th\u00e2n th\u1ec3: Vi\u1ec7c s\u1eed d\u1ee5ng d\u01b0\u01a1ng v\u1eadt gi\u1ea3 c\u00f3 th\u1ec3 gi\u00fap ng\u01b0\u1eddi d\u00f9ng kh\u00e1m ph\u00e1 th\u00e2n th\u1ec3 c\u1ee7a m\u00ecnh v\u00e0 t\u00ecm hi\u1ec3u nh\u1eefng \u0111i\u1ec3m nh\u1ea1y c\u1ea3m c\u1ee7a b\u1ea3n th\u00e2n.<\/li>\n\n\n\n<li>Tho\u1ea3 m\u00e3n c\u1ea3m gi\u00e1c c\u00f4 \u0111\u01a1n: Vi\u1ec7c s\u1eed d\u1ee5ng d\u01b0\u01a1ng v\u1eadt gi\u1ea3 c\u00f3 th\u1ec3 gi\u00fap ng\u01b0\u1eddi d\u00f9ng tho\u1ea3 m\u00e3n c\u1ea3m gi\u00e1c c\u00f4 \u0111\u01a1n v\u00e0 t\u00ecnh d\u1ee5c khi kh\u00f4ng c\u00f3 \u0111\u1ed1i t\u00e1c.<\/li>\n\n\n\n<li>T\u0103ng s\u1ef1 th\u0103ng hoa: S\u1eed d\u1ee5ng d\u01b0\u01a1ng v\u1eadt gi\u1ea3 c\u00f3 th\u1ec3 gi\u00fap ng\u01b0\u1eddi d\u00f9ng t\u0103ng s\u1ef1 th\u0103ng hoa v\u00e0 h\u1ea1nh ph\u00fac trong cu\u1ed9c s\u1ed1ng t\u00ecnh d\u1ee5c c\u1ee7a h\u1ecd.<\/li>\n\n\n\n<li>Th\u1eed nghi\u1ec7m v\u00e0 kh\u00e1m ph\u00e1: Nhi\u1ec1u ng\u01b0\u1eddi mua d\u01b0\u01a1ng v\u1eadt gi\u1ea3 \u0111\u1ec3 th\u1eed nghi\u1ec7m v\u00e0 kh\u00e1m ph\u00e1 nh\u1eefng k\u1ef9 thu\u1eadt v\u00e0 t\u01b0 th\u1ebf m\u1edbi trong quan h\u1ec7 t\u00ecnh d\u1ee5c.<\/li>\n<\/ol>\n\n\n\n<p>Tuy nhi\u00ean, vi\u1ec7c s\u1eed d\u1ee5ng d\u01b0\u01a1ng v\u1eadt gi\u1ea3 c\u0169ng c\u00f3 th\u1ec3 c\u00f3 nh\u1eefng r\u1ee7i ro nh\u1ea5t \u0111\u1ecbnh, do \u0111\u00f3, ng\u01b0\u1eddi s\u1eed d\u1ee5ng n\u00ean c\u00e2n nh\u1eafc v\u00e0 th\u1ef1c hi\u1ec7n vi\u1ec7c n\u00e0y m\u1ed9t c\u00e1ch an to\u00e0n v\u00e0 h\u1ee3p l\u00fd.<\/p>\n\n\n<div class=\"wp-block-image\">\n<figure class=\"aligncenter size-large\"><img loading=\"lazy\" decoding=\"async\" width=\"1024\" height=\"683\" src=\"https:\/\/www.duongvatgia.com\/wp-content\/uploads\/2023\/03\/dainis-graveris-x3lIRkvhOWw-unsplash-1024x683.jpg\" alt=\"\" class=\"wp-image-11\" srcset=\"https:\/\/www.duongvatgia.com\/wp-content\/uploads\/2023\/03\/dainis-graveris-x3lIRkvhOWw-unsplash-1024x683.jpg 1024w, https:\/\/www.duongvatgia.com\/wp-content\/uploads\/2023\/03\/dainis-graveris-x3lIRkvhOWw-unsplash-300x200.jpg 300w, https:\/\/www.duongvatgia.com\/wp-content\/uploads\/2023\/03\/dainis-graveris-x3lIRkvhOWw-unsplash-768x512.jpg 768w, https:\/\/www.duongvatgia.com\/wp-content\/uploads\/2023\/03\/dainis-graveris-x3lIRkvhOWw-unsplash-1536x1024.jpg 1536w, https:\/\/www.duongvatgia.com\/wp-content\/uploads\/2023\/03\/dainis-graveris-x3lIRkvhOWw-unsplash.jpg 1920w\" sizes=\"auto, (max-width: 1024px) 100vw, 1024px\" \/><figcaption class=\"wp-element-caption\"><strong>D\u01b0\u01a1ng v\u1eadt gi\u1ea3<\/strong><\/figcaption><\/figure>\n<\/div>\n\n<div class=\"wp-block-image\">\n<figure class=\"aligncenter size-large is-resized\"><img loading=\"lazy\" decoding=\"async\" src=\"https:\/\/www.duongvatgia.com\/wp-content\/uploads\/2023\/03\/ifonnx-toys-ck1ZlJbXrlg-unsplash-1024x683.jpg\" alt=\"\" class=\"wp-image-9\" width=\"820\" height=\"546\" srcset=\"https:\/\/www.duongvatgia.com\/wp-content\/uploads\/2023\/03\/ifonnx-toys-ck1ZlJbXrlg-unsplash-1024x683.jpg 1024w, https:\/\/www.duongvatgia.com\/wp-content\/uploads\/2023\/03\/ifonnx-toys-ck1ZlJbXrlg-unsplash-300x200.jpg 300w, https:\/\/www.duongvatgia.com\/wp-content\/uploads\/2023\/03\/ifonnx-toys-ck1ZlJbXrlg-unsplash-768x512.jpg 768w, https:\/\/www.duongvatgia.com\/wp-content\/uploads\/2023\/03\/ifonnx-toys-ck1ZlJbXrlg-unsplash-1536x1024.jpg 1536w, https:\/\/www.duongvatgia.com\/wp-content\/uploads\/2023\/03\/ifonnx-toys-ck1ZlJbXrlg-unsplash.jpg 1920w\" sizes=\"auto, (max-width: 820px) 100vw, 820px\" \/><figcaption class=\"wp-element-caption\"><strong>Nh\u1eefng lo\u1ea1i d\u01b0\u01a1ng v\u1eadt gi\u1ea3 \u0111\u1eb9p m\u1eaft<\/strong><\/figcaption><\/figure>\n<\/div>\n\n<div class=\"wp-block-image\">\n<figure class=\"aligncenter size-large\"><img loading=\"lazy\" decoding=\"async\" width=\"1024\" height=\"683\" src=\"https:\/\/www.duongvatgia.com\/wp-content\/uploads\/2023\/03\/dainis-graveris-ju8AM-S-7eo-unsplash-1024x683.jpg\" alt=\"\" class=\"wp-image-10\" srcset=\"https:\/\/www.duongvatgia.com\/wp-content\/uploads\/2023\/03\/dainis-graveris-ju8AM-S-7eo-unsplash-1024x683.jpg 1024w, https:\/\/www.duongvatgia.com\/wp-content\/uploads\/2023\/03\/dainis-graveris-ju8AM-S-7eo-unsplash-300x200.jpg 300w, https:\/\/www.duongvatgia.com\/wp-content\/uploads\/2023\/03\/dainis-graveris-ju8AM-S-7eo-unsplash-768x512.jpg 768w, https:\/\/www.duongvatgia.com\/wp-content\/uploads\/2023\/03\/dainis-graveris-ju8AM-S-7eo-unsplash-1536x1024.jpg 1536w, https:\/\/www.duongvatgia.com\/wp-content\/uploads\/2023\/03\/dainis-graveris-ju8AM-S-7eo-unsplash.jpg 1920w\" sizes=\"auto, (max-width: 1024px) 100vw, 1024px\" \/><figcaption class=\"wp-element-caption\"><strong>\u0110\u1ed3 ch\u01a1i d\u00e0nh cho ng\u01b0\u1eddi l\u1edbn<\/strong><\/figcaption><\/figure>\n<\/div>\n\n\n<p>\u0110\u01b0\u1ee3c bi\u1ebft hi\u1ec7n n\u00e0y nhi\u1ec1u ng\u01b0\u1eddi th\u00edch mua d\u01b0\u01a1ng v\u1eadt gi\u1ea3 qua m\u1ea1ng v\u00ec l\u00fd do t\u1ebf nh\u1ecb. M\u00ecnh c\u1ea7n ngu\u1ed3n h\u00e0ng ch\u1ea5t l\u01b0\u1ee3ng t\u1ed1t v\u1edbi gi\u00e1 s\u1ec9 c\u1ea3 c\u1ea1nh tranh khu v\u1ef1c S\u00e0i G\u00f2n ho\u1eb7c B\u00ecnh D\u01b0\u01a1ng \u0111\u1ec3 b\u00e1n online tr\u00ean trang web n\u00e0y. Vui l\u00f2ng li\u00ean h\u1ec7 \u0111\u1ebfn email: <strong>contact@duongvatgia.com<\/strong><\/p>\n","protected":false},"excerpt":{"rendered":"<p>D\u01b0\u01a1ng v\u1eadt gi\u1ea3 l\u00e0 m\u1ed9t s\u1ea3n ph\u1ea9m sextoy \u0111\u01b0\u1ee3c thi\u1ebft k\u1ebf gi\u1ed1ng nh\u01b0 d\u01b0\u01a1ng v\u1eadt nam gi\u1edbi. Ch\u00fang c\u00f3 th\u1ec3 \u0111\u01b0\u1ee3c l\u00e0m b\u1eb1ng c\u00e1c v\u1eadt li\u1ec7u kh\u00e1c nhau nh\u01b0 silicone, cao su, nh\u1ef1a, th\u1ee7y tinh, kim lo\u1ea1i ho\u1eb7c g\u1ed7. D\u01b0\u01a1ng v\u1eadt gi\u1ea3 th\u01b0\u1eddng \u0111\u01b0\u1ee3c s\u1eed d\u1ee5ng \u0111\u1ec3 t\u0103ng c\u01b0\u1eddng kho\u00e1i c\u1ea3m trong ho\u1ea1t \u0111\u1ed9ng t\u00ecnh &#8230; <a title=\"D\u01b0\u01a1ng v\u1eadt gi\u1ea3\" class=\"read-more\" href=\"https:\/\/www.duongvatgia.com\/\" aria-label=\"More on D\u01b0\u01a1ng v\u1eadt gi\u1ea3\">Read more<\/a><\/p>\n","protected":false},"author":1,"featured_media":0,"parent":0,"menu_order":0,"comment_status":"closed","ping_status":"open","template":"","meta":{"footnotes":""},"class_list":["post-2","page","type-page","status-publish"],"yoast_head":"<!-- This site is optimized with the Yoast SEO plugin v20.3 - https:\/\/yoast.com\/wordpress\/plugins\/seo\/ -->\n<title>D\u01b0\u01a1ng v\u1eadt gi\u1ea3<\/title>\n<meta name=\"description\" content=\"D\u01b0\u01a1ng v\u1eadt gi\u1ea3 \u0111\u01b0\u1ee3c s\u1eed d\u1ee5ng \u0111\u1ec3 t\u0103ng c\u01b0\u1eddng kho\u00e1i c\u1ea3m trong ho\u1ea1t \u0111\u1ed9ng t\u00ecnh d\u1ee5c cho n\u1eef gi\u1edbi ho\u1eb7c cho c\u1ea3 nam gi\u1edbi v\u00e0 \u0111\u01b0\u1ee3c b\u00e1n r\u1ed9ng r\u00e3i tr\u00ean th\u1ecb tr\u01b0\u1eddng\" \/>\n<meta name=\"robots\" content=\"index, follow, max-snippet:-1, max-image-preview:large, max-video-preview:-1\" \/>\n<link rel=\"canonical\" href=\"https:\/\/www.duongvatgia.com\/\" \/>\n<meta property=\"og:locale\" content=\"en_US\" \/>\n<meta property=\"og:type\" content=\"article\" \/>\n<meta property=\"og:title\" content=\"D\u01b0\u01a1ng v\u1eadt gi\u1ea3\" \/>\n<meta property=\"og:description\" content=\"D\u01b0\u01a1ng v\u1eadt gi\u1ea3 \u0111\u01b0\u1ee3c s\u1eed d\u1ee5ng \u0111\u1ec3 t\u0103ng c\u01b0\u1eddng kho\u00e1i c\u1ea3m trong ho\u1ea1t \u0111\u1ed9ng t\u00ecnh d\u1ee5c cho n\u1eef gi\u1edbi ho\u1eb7c cho c\u1ea3 nam gi\u1edbi v\u00e0 \u0111\u01b0\u1ee3c b\u00e1n r\u1ed9ng r\u00e3i tr\u00ean th\u1ecb tr\u01b0\u1eddng\" \/>\n<meta property=\"og:url\" content=\"https:\/\/www.duongvatgia.com\/\" \/>\n<meta property=\"og:site_name\" content=\"D\u01b0\u01a1ng V\u1eadt Gi\u1ea3\" \/>\n<meta property=\"article:modified_time\" content=\"2023-03-10T00:38:07+00:00\" \/>\n<meta property=\"og:image\" content=\"https:\/\/www.duongvatgia.com\/wp-content\/uploads\/2023\/03\/dainis-graveris-x3lIRkvhOWw-unsplash-1024x683.jpg\" \/>\n<meta name=\"twitter:card\" content=\"summary_large_image\" \/>\n<meta name=\"twitter:label1\" content=\"Est. reading time\" \/>\n\t<meta name=\"twitter:data1\" content=\"3 minutes\" \/>\n<script type=\"application\/ld+json\" class=\"yoast-schema-graph\">{\"@context\":\"https:\/\/schema.org\",\"@graph\":[{\"@type\":\"WebPage\",\"@id\":\"https:\/\/www.duongvatgia.com\/\",\"url\":\"https:\/\/www.duongvatgia.com\/\",\"name\":\"D\u01b0\u01a1ng v\u1eadt gi\u1ea3\",\"isPartOf\":{\"@id\":\"https:\/\/www.duongvatgia.com\/#website\"},\"datePublished\":\"2023-03-08T10:00:39+00:00\",\"dateModified\":\"2023-03-10T00:38:07+00:00\",\"description\":\"D\u01b0\u01a1ng v\u1eadt gi\u1ea3 \u0111\u01b0\u1ee3c s\u1eed d\u1ee5ng \u0111\u1ec3 t\u0103ng c\u01b0\u1eddng kho\u00e1i c\u1ea3m trong ho\u1ea1t \u0111\u1ed9ng t\u00ecnh d\u1ee5c cho n\u1eef gi\u1edbi ho\u1eb7c cho c\u1ea3 nam gi\u1edbi v\u00e0 \u0111\u01b0\u1ee3c b\u00e1n r\u1ed9ng r\u00e3i tr\u00ean th\u1ecb tr\u01b0\u1eddng\",\"breadcrumb\":{\"@id\":\"https:\/\/www.duongvatgia.com\/#breadcrumb\"},\"inLanguage\":\"en-US\",\"potentialAction\":[{\"@type\":\"ReadAction\",\"target\":[\"https:\/\/www.duongvatgia.com\/\"]}]},{\"@type\":\"BreadcrumbList\",\"@id\":\"https:\/\/www.duongvatgia.com\/#breadcrumb\",\"itemListElement\":[{\"@type\":\"ListItem\",\"position\":1,\"name\":\"Home\",\"item\":\"https:\/\/www.duongvatgia.com\/\"},{\"@type\":\"ListItem\",\"position\":2,\"name\":\"D\u01b0\u01a1ng v\u1eadt gi\u1ea3\"}]},{\"@type\":\"WebSite\",\"@id\":\"https:\/\/www.duongvatgia.com\/#website\",\"url\":\"https:\/\/www.duongvatgia.com\/\",\"name\":\"D\u01b0\u01a1ng V\u1eadt Gi\u1ea3\",\"description\":\"DuongVatGia.com\",\"potentialAction\":[{\"@type\":\"SearchAction\",\"target\":{\"@type\":\"EntryPoint\",\"urlTemplate\":\"https:\/\/www.duongvatgia.com\/?s={search_term_string}\"},\"query-input\":\"required name=search_term_string\"}],\"inLanguage\":\"en-US\"}]}<\/script>\n<!-- \/ Yoast SEO plugin. -->","yoast_head_json":{"title":"D\u01b0\u01a1ng v\u1eadt gi\u1ea3","description":"D\u01b0\u01a1ng v\u1eadt gi\u1ea3 \u0111\u01b0\u1ee3c s\u1eed d\u1ee5ng \u0111\u1ec3 t\u0103ng c\u01b0\u1eddng kho\u00e1i c\u1ea3m trong ho\u1ea1t \u0111\u1ed9ng t\u00ecnh d\u1ee5c cho n\u1eef gi\u1edbi ho\u1eb7c cho c\u1ea3 nam gi\u1edbi v\u00e0 \u0111\u01b0\u1ee3c b\u00e1n r\u1ed9ng r\u00e3i tr\u00ean th\u1ecb tr\u01b0\u1eddng","robots":{"index":"index","follow":"follow","max-snippet":"max-snippet:-1","max-image-preview":"max-image-preview:large","max-video-preview":"max-video-preview:-1"},"canonical":"https:\/\/www.duongvatgia.com\/","og_locale":"en_US","og_type":"article","og_title":"D\u01b0\u01a1ng v\u1eadt gi\u1ea3","og_description":"D\u01b0\u01a1ng v\u1eadt gi\u1ea3 \u0111\u01b0\u1ee3c s\u1eed d\u1ee5ng \u0111\u1ec3 t\u0103ng c\u01b0\u1eddng kho\u00e1i c\u1ea3m trong ho\u1ea1t \u0111\u1ed9ng t\u00ecnh d\u1ee5c cho n\u1eef gi\u1edbi ho\u1eb7c cho c\u1ea3 nam gi\u1edbi v\u00e0 \u0111\u01b0\u1ee3c b\u00e1n r\u1ed9ng r\u00e3i tr\u00ean th\u1ecb tr\u01b0\u1eddng","og_url":"https:\/\/www.duongvatgia.com\/","og_site_name":"D\u01b0\u01a1ng V\u1eadt Gi\u1ea3","article_modified_time":"2023-03-10T00:38:07+00:00","og_image":[{"url":"https:\/\/www.duongvatgia.com\/wp-content\/uploads\/2023\/03\/dainis-graveris-x3lIRkvhOWw-unsplash-1024x683.jpg"}],"twitter_card":"summary_large_image","twitter_misc":{"Est. reading time":"3 minutes"},"schema":{"@context":"https:\/\/schema.org","@graph":[{"@type":"WebPage","@id":"https:\/\/www.duongvatgia.com\/","url":"https:\/\/www.duongvatgia.com\/","name":"D\u01b0\u01a1ng v\u1eadt gi\u1ea3","isPartOf":{"@id":"https:\/\/www.duongvatgia.com\/#website"},"datePublished":"2023-03-08T10:00:39+00:00","dateModified":"2023-03-10T00:38:07+00:00","description":"D\u01b0\u01a1ng v\u1eadt gi\u1ea3 \u0111\u01b0\u1ee3c s\u1eed d\u1ee5ng \u0111\u1ec3 t\u0103ng c\u01b0\u1eddng kho\u00e1i c\u1ea3m trong ho\u1ea1t \u0111\u1ed9ng t\u00ecnh d\u1ee5c cho n\u1eef gi\u1edbi ho\u1eb7c cho c\u1ea3 nam gi\u1edbi v\u00e0 \u0111\u01b0\u1ee3c b\u00e1n r\u1ed9ng r\u00e3i tr\u00ean th\u1ecb tr\u01b0\u1eddng","breadcrumb":{"@id":"https:\/\/www.duongvatgia.com\/#breadcrumb"},"inLanguage":"en-US","potentialAction":[{"@type":"ReadAction","target":["https:\/\/www.duongvatgia.com\/"]}]},{"@type":"BreadcrumbList","@id":"https:\/\/www.duongvatgia.com\/#breadcrumb","itemListElement":[{"@type":"ListItem","position":1,"name":"Home","item":"https:\/\/www.duongvatgia.com\/"},{"@type":"ListItem","position":2,"name":"D\u01b0\u01a1ng v\u1eadt gi\u1ea3"}]},{"@type":"WebSite","@id":"https:\/\/www.duongvatgia.com\/#website","url":"https:\/\/www.duongvatgia.com\/","name":"D\u01b0\u01a1ng V\u1eadt Gi\u1ea3","description":"DuongVatGia.com","potentialAction":[{"@type":"SearchAction","target":{"@type":"EntryPoint","urlTemplate":"https:\/\/www.duongvatgia.com\/?s={search_term_string}"},"query-input":"required name=search_term_string"}],"inLanguage":"en-US"}]}},"_links":{"self":[{"href":"https:\/\/www.duongvatgia.com\/index.php?rest_route=\/wp\/v2\/pages\/2","targetHints":{"allow":["GET"]}}],"collection":[{"href":"https:\/\/www.duongvatgia.com\/index.php?rest_route=\/wp\/v2\/pages"}],"about":[{"href":"https:\/\/www.duongvatgia.com\/index.php?rest_route=\/wp\/v2\/types\/page"}],"author":[{"embeddable":true,"href":"https:\/\/www.duongvatgia.com\/index.php?rest_route=\/wp\/v2\/users\/1"}],"replies":[{"embeddable":true,"href":"https:\/\/www.duongvatgia.com\/index.php?rest_route=%2Fwp%2Fv2%2Fcomments&post=2"}],"version-history":[{"count":6,"href":"https:\/\/www.duongvatgia.com\/index.php?rest_route=\/wp\/v2\/pages\/2\/revisions"}],"predecessor-version":[{"id":25,"href":"https:\/\/www.duongvatgia.com\/index.php?rest_route=\/wp\/v2\/pages\/2\/revisions\/25"}],"wp:attachment":[{"href":"https:\/\/www.duongvatgia.com\/index.php?rest_route=%2Fwp%2Fv2%2Fmedia&parent=2"}],"curies":[{"name":"wp","href":"https:\/\/api.w.org\/{rel}","templated":true}]}}